{"id":10382,"date":"2025-02-06T11:31:31","date_gmt":"2025-02-06T11:31:31","guid":{"rendered":"https:\/\/servicioscorporativospaban.com\/drones\/?page_id=10382"},"modified":"2025-02-17T14:21:07","modified_gmt":"2025-02-17T14:21:07","slug":"agricultura","status":"publish","type":"page","link":"https:\/\/servicioscorporativospaban.com\/drones\/agricultura\/","title":{"rendered":"Agricultura"},"content":{"rendered":"<div class=\"wpb-content-wrapper\"><p>[vc_row full_width=&#8221;stretch_row_content_no_spaces&#8221; equal_height=&#8221;yes&#8221; content_placement=&#8221;middle&#8221; video_bg=&#8221;yes&#8221; video_bg_url=&#8221;&#8221; css=&#8221;.vc_custom_1738841407836{background-position: center !important;background-repeat: no-repeat !important;background-size: cover !important;}&#8221; woodmart_box_shadow=&#8221;no&#8221; wd_z_index=&#8221;no&#8221; woodmart_css_id=&#8221;67a49d2ea1874&#8243; responsive_spacing=&#8221;eyJwYXJhbV90eXBlIjoid29vZG1hcnRfcmVzcG9uc2l2ZV9zcGFjaW5nIiwic2VsZWN0b3JfaWQiOiI2N2E0OWQyZWExODc0Iiwic2hvcnRjb2RlIjoidmNfcm93IiwiZGF0YSI6eyJ0YWJsZXQiOnt9LCJtb2JpbGUiOnt9fX0=&#8221; mobile_bg_img_hidden=&#8221;no&#8221; tablet_bg_img_hidden=&#8221;no&#8221; woodmart_parallax=&#8221;0&#8243; woodmart_gradient_switch=&#8221;no&#8221; row_reverse_mobile=&#8221;0&#8243; row_reverse_tablet=&#8221;0&#8243; woodmart_disable_overflow=&#8221;0&#8243;][vc_column width=&#8221;1\/2&#8243; woodmart_color_scheme=&#8221;light&#8221; css=&#8221;.vc_custom_1739802003620{margin-left: -40px !important;padding-top: 30px !important;padding-right: 30px !important;padding-bottom: 30px !important;padding-left: 15px !important;background-color: #344D38 !important;}&#8221; offset=&#8221;vc_col-lg-4 vc_col-md-4 vc_col-xs-12&#8243; woodmart_box_shadow=&#8221;no&#8221; wd_z_index=&#8221;no&#8221; woodmart_css_id=&#8221;67b3458c21ce4&#8243; responsive_spacing=&#8221;eyJwYXJhbV90eXBlIjoid29vZG1hcnRfcmVzcG9uc2l2ZV9zcGFjaW5nIiwic2VsZWN0b3JfaWQiOiI2N2IzNDU4YzIxY2U0Iiwic2hvcnRjb2RlIjoidmNfY29sdW1uIiwiZGF0YSI6eyJ0YWJsZXQiOnt9LCJtb2JpbGUiOnt9fX0=&#8221; parallax_scroll=&#8221;no&#8221; mobile_bg_img_hidden=&#8221;no&#8221; tablet_bg_img_hidden=&#8221;no&#8221; woodmart_parallax=&#8221;0&#8243; woodmart_sticky_column=&#8221;false&#8221; mobile_reset_margin=&#8221;no&#8221; tablet_reset_margin=&#8221;no&#8221; wd_collapsible_content_switcher=&#8221;no&#8221; wd_column_role_offcanvas_desktop=&#8221;no&#8221; wd_column_role_offcanvas_tablet=&#8221;no&#8221; wd_column_role_offcanvas_mobile=&#8221;no&#8221; wd_column_role_content_desktop=&#8221;no&#8221; wd_column_role_content_tablet=&#8221;no&#8221; wd_column_role_content_mobile=&#8221;no&#8221;]\n\t\t<div id=\"wd-67a4e5bd09be0\" class=\"title-wrapper wd-wpb wd-set-mb reset-last-child  wd-rs-67a4e5bd09be0 wd-title-color-default wd-title-style-default text-left vc_custom_1738859978876 wd-width-custom wd-underline-colored\">\n\t\t\t\t\t\t\t\n\t\t\t\t<div class=\"title-subtitle  subtitle-color-default font-alt subtitle-style-default wd-font-weight- wd-fontsize-xs\">AGRICULTURA<\/div>\n\t\t\t\n\t\t\t<div class=\"liner-continer\">\n\t\t\t\t<h4 class=\"woodmart-title-container title  wd-font-weight- wd-fontsize-l\" >Ahorro de recursos y ventajas t\u00e9cnicas<\/h4>\n\t\t\t\t\t\t\t<\/div>\n\t\t\t\n\t\t\t\n\t\t\t\n\t\t<\/div>\n\t\t\n\t\t\t\t<div id=\"wd-67b345954be10\" class=\"wd-text-block wd-wpb reset-last-child wd-rs-67b345954be10 text-left vc_custom_1739802014116\">\n\t\t\t<p class=\"p2\">En este sector, el dron facilita las actividades y ahorra tiempo y costos, gracias al uso de sofisticadas herramientas de seguimiento.<\/p>\n<p>Sensores terrestres, sistemas GPS y equipos de teledetecci\u00f3n permiten evaluar el estado del terreno y adoptar las t\u00e9cnicas de cultivo m\u00e1s efectivas.<\/p>\n<p>Por eso el uso de drones en la agricultura se est\u00e1 convirtiendo en un recurso verdaderamente importante.<\/p>\n<p>Adem\u00e1s, el dron ofrece una vista desde arriba, gracias a la cual tenemos una perspectiva sin precedentes, que nos permite detectar datos e informaci\u00f3n sobre la planta individual, monitorear el estado fisiol\u00f3gico de los cultivos y la aparici\u00f3n de enfermedades.<\/p>\n\t\t<\/div>\n\t\t[\/vc_column][vc_column width=&#8221;1\/2&#8243; css=&#8221;.vc_custom_1738840742130{padding-top: 250px !important;padding-bottom: 250px !important;background-image: url(https:\/\/servicioscorporativospaban.com\/drones\/wp-content\/uploads\/2025\/02\/Immagine_Campo_Ridimensionata.jpg?id=10387) !important;background-position: center !important;background-repeat: no-repeat !important;background-size: cover !important;}&#8221; offset=&#8221;vc_col-lg-8 vc_col-md-8 vc_col-xs-12&#8243; woodmart_box_shadow=&#8221;no&#8221; wd_z_index=&#8221;no&#8221; woodmart_css_id=&#8221;67a499ea98095&#8243; responsive_spacing=&#8221;eyJwYXJhbV90eXBlIjoid29vZG1hcnRfcmVzcG9uc2l2ZV9zcGFjaW5nIiwic2VsZWN0b3JfaWQiOiI2N2E0OTllYTk4MDk1Iiwic2hvcnRjb2RlIjoidmNfY29sdW1uIiwiZGF0YSI6eyJ0YWJsZXQiOnt9LCJtb2JpbGUiOnt9fX0=&#8221; parallax_scroll=&#8221;no&#8221; mobile_bg_img_hidden=&#8221;no&#8221; tablet_bg_img_hidden=&#8221;no&#8221; woodmart_parallax=&#8221;0&#8243; woodmart_sticky_column=&#8221;false&#8221; mobile_reset_margin=&#8221;no&#8221; tablet_reset_margin=&#8221;no&#8221; wd_collapsible_content_switcher=&#8221;no&#8221; wd_column_role_offcanvas_desktop=&#8221;no&#8221; wd_column_role_offcanvas_tablet=&#8221;no&#8221; wd_column_role_offcanvas_mobile=&#8221;no&#8221; wd_column_role_content_desktop=&#8221;no&#8221; wd_column_role_content_tablet=&#8221;no&#8221; wd_column_role_content_mobile=&#8221;no&#8221;][\/vc_column][\/vc_row][vc_row woodmart_css_id=&#8221;67a49d64d6211&#8243; responsive_spacing=&#8221;eyJwYXJhbV90eXBlIjoid29vZG1hcnRfcmVzcG9uc2l2ZV9zcGFjaW5nIiwic2VsZWN0b3JfaWQiOiI2N2E0OWQ2NGQ2MjExIiwic2hvcnRjb2RlIjoidmNfcm93IiwiZGF0YSI6eyJ0YWJsZXQiOnt9LCJtb2JpbGUiOnt9fX0=&#8221; mobile_bg_img_hidden=&#8221;no&#8221; tablet_bg_img_hidden=&#8221;no&#8221; woodmart_parallax=&#8221;0&#8243; woodmart_gradient_switch=&#8221;no&#8221; woodmart_box_shadow=&#8221;no&#8221; wd_z_index=&#8221;no&#8221; woodmart_disable_overflow=&#8221;0&#8243; row_reverse_mobile=&#8221;0&#8243; row_reverse_tablet=&#8221;0&#8243;][vc_column woodmart_css_id=&#8221;67a225ba351d0&#8243; parallax_scroll=&#8221;no&#8221; woodmart_sticky_column=&#8221;false&#8221; wd_collapsible_content_switcher=&#8221;no&#8221; wd_column_role_offcanvas_desktop=&#8221;no&#8221; wd_column_role_offcanvas_tablet=&#8221;no&#8221; wd_column_role_offcanvas_mobile=&#8221;no&#8221; wd_column_role_content_desktop=&#8221;no&#8221; wd_column_role_content_tablet=&#8221;no&#8221; wd_column_role_content_mobile=&#8221;no&#8221; mobile_bg_img_hidden=&#8221;no&#8221; tablet_bg_img_hidden=&#8221;no&#8221; woodmart_parallax=&#8221;0&#8243; woodmart_box_shadow=&#8221;no&#8221; responsive_spacing=&#8221;eyJwYXJhbV90eXBlIjoid29vZG1hcnRfcmVzcG9uc2l2ZV9zcGFjaW5nIiwic2VsZWN0b3JfaWQiOiI2N2EyMjViYTM1MWQwIiwic2hvcnRjb2RlIjoidmNfY29sdW1uIiwiZGF0YSI6eyJ0YWJsZXQiOnt9LCJtb2JpbGUiOnt9fX0=&#8221; mobile_reset_margin=&#8221;no&#8221; tablet_reset_margin=&#8221;no&#8221; wd_z_index=&#8221;no&#8221; css=&#8221;.vc_custom_1738679741929{margin-bottom: 20px !important;}&#8221;][vc_empty_space woodmart_hide_large=&#8221;0&#8243; woodmart_hide_medium=&#8221;0&#8243; woodmart_hide_small=&#8221;0&#8243;]\n\t\t<div id=\"wd-67a629aab5f8f\" class=\"title-wrapper wd-wpb wd-set-mb reset-last-child  wd-rs-67a629aab5f8f wd-title-color-primary wd-title-style-bordered text-center vc_custom_1738942895654 wd-underline-colored\">\n\t\t\t\t\t\t\t\n\t\t\t\t<div class=\"title-subtitle  subtitle-color-primary font-default subtitle-style-default wd-font-weight- wd-fontsize-xs\">OBSERVACI\u00d3N, MEDICI\u00d3N<\/div>\n\t\t\t\n\t\t\t<div class=\"liner-continer\">\n\t\t\t\t<h4 class=\"woodmart-title-container title  wd-font-weight- wd-fontsize-l\" >Toma de decisiones eficaces<\/h4>\n\t\t\t\t\t\t\t<\/div>\n\t\t\t\n\t\t\t\t\t\t\t<div class=\"title-after_title reset-last-child  wd-fontsize-xs\">Gracias a los drones se puede analizar el suelo y sus plantas, con el objetivo de obtener informaci\u00f3n valiosa encaminada a mejorar la cosecha y hacer m\u00e1s eficientes los recursos h\u00eddricos y agrot\u00e9cnicos.<\/p>\n<p>Actuar con drones profesionales aumenta significativamente la eficacia y precisi\u00f3n de la intervenci\u00f3n.<\/div>\n\t\t\t\n\t\t\t\n\t\t<\/div>\n\t\t\n\t\t[\/vc_column][\/vc_row][vc_row full_width=&#8221;stretch_row_content&#8221; content_placement=&#8221;middle&#8221; woodmart_css_id=&#8221;67a62402cc32b&#8221; responsive_spacing=&#8221;eyJwYXJhbV90eXBlIjoid29vZG1hcnRfcmVzcG9uc2l2ZV9zcGFjaW5nIiwic2VsZWN0b3JfaWQiOiI2N2E2MjQwMmNjMzJiIiwic2hvcnRjb2RlIjoidmNfcm93IiwiZGF0YSI6eyJ0YWJsZXQiOnt9LCJtb2JpbGUiOnt9fX0=&#8221; mobile_bg_img_hidden=&#8221;no&#8221; tablet_bg_img_hidden=&#8221;no&#8221; woodmart_parallax=&#8221;0&#8243; woodmart_gradient_switch=&#8221;no&#8221; row_reverse_mobile=&#8221;0&#8243; row_reverse_tablet=&#8221;0&#8243; woodmart_disable_overflow=&#8221;0&#8243; woodmart_box_shadow=&#8221;no&#8221; wd_z_index=&#8221;no&#8221; css=&#8221;.vc_custom_1738941448710{margin-top: 80px !important;}&#8221;][vc_column width=&#8221;1\/2&#8243; css=&#8221;.vc_custom_1738941360335{padding-top: 80px !important;padding-bottom: 40px !important;background-image: url(https:\/\/servicioscorporativospaban.com\/drones\/wp-content\/uploads\/2025\/02\/Immagine_Sfondo_Campo.jpg?id=10422) !important;background-position: center !important;background-repeat: no-repeat !important;background-size: cover !important;}&#8221; woodmart_parallax=&#8221;0&#8243; parallax_scroll=&#8221;no&#8221; woodmart_sticky_column=&#8221;false&#8221; woodmart_css_id=&#8221;67a6232475b3a&#8221; responsive_spacing=&#8221;eyJwYXJhbV90eXBlIjoid29vZG1hcnRfcmVzcG9uc2l2ZV9zcGFjaW5nIiwic2VsZWN0b3JfaWQiOiI2N2E2MjMyNDc1YjNhIiwic2hvcnRjb2RlIjoidmNfY29sdW1uIiwiZGF0YSI6eyJ0YWJsZXQiOnt9LCJtb2JpbGUiOnsicGFkZGluZy10b3AiOiI0MHB4In19fQ==&#8221; mobile_bg_img_hidden=&#8221;no&#8221; tablet_bg_img_hidden=&#8221;no&#8221; mobile_reset_margin=&#8221;no&#8221; tablet_reset_margin=&#8221;no&#8221; wd_collapsible_content_switcher=&#8221;no&#8221; wd_column_role_offcanvas_desktop=&#8221;no&#8221; wd_column_role_offcanvas_tablet=&#8221;no&#8221; wd_column_role_offcanvas_mobile=&#8221;no&#8221; wd_column_role_content_desktop=&#8221;no&#8221; wd_column_role_content_tablet=&#8221;no&#8221; wd_column_role_content_mobile=&#8221;no&#8221; woodmart_box_shadow=&#8221;no&#8221; wd_z_index=&#8221;no&#8221;]\t\t<div id=\"wd-67a62304d82f9\" data-parallax='{\"y\":\"-40\",\"smoothness\":\"30\"}' class=\"wd-image wd-wpb wd-rs-67a62304d82f9 text-right vc_custom_1738941198391\">\n\t\t\t\n\t\t\t<img loading=\"lazy\" decoding=\"async\" width=\"393\" height=\"300\" src=\"https:\/\/servicioscorporativospaban.com\/drones\/wp-content\/uploads\/2025\/02\/Immagine_Campo_Sezione_2-393x300.jpg\" class=\"attachment-medium size-medium\" alt=\"\" srcset=\"https:\/\/servicioscorporativospaban.com\/drones\/wp-content\/uploads\/2025\/02\/Immagine_Campo_Sezione_2-393x300.jpg 393w, https:\/\/servicioscorporativospaban.com\/drones\/wp-content\/uploads\/2025\/02\/Immagine_Campo_Sezione_2-768x586.jpg 768w, https:\/\/servicioscorporativospaban.com\/drones\/wp-content\/uploads\/2025\/02\/Immagine_Campo_Sezione_2.jpg 970w\" sizes=\"auto, (max-width: 393px) 100vw, 393px\" \/>\n\t\t\t\t\t<\/div>\n\t\t[\/vc_column][vc_column width=&#8221;1\/2&#8243; scroll_x=&#8221;0&#8243; scroll_y=&#8221;30&#8243; scroll_z=&#8221;0&#8243; parallax_scroll=&#8221;yes&#8221; css=&#8221;.vc_custom_1628576994133{padding-top: 60px !important;padding-right: 15% !important;padding-bottom: 50px !important;padding-left: 15% !important;}&#8221; woodmart_css_id=&#8221;61121cdd6e1d1&#8243; responsive_spacing=&#8221;eyJwYXJhbV90eXBlIjoid29vZG1hcnRfcmVzcG9uc2l2ZV9zcGFjaW5nIiwic2VsZWN0b3JfaWQiOiI2MTEyMWNkZDZlMWQxIiwic2hvcnRjb2RlIjoidmNfY29sdW1uIiwiZGF0YSI6eyJ0YWJsZXQiOnt9LCJtb2JpbGUiOnt9fX0=&#8221; mobile_bg_img_hidden=&#8221;no&#8221; tablet_bg_img_hidden=&#8221;no&#8221; woodmart_parallax=&#8221;0&#8243; woodmart_sticky_column=&#8221;false&#8221; mobile_reset_margin=&#8221;no&#8221; tablet_reset_margin=&#8221;no&#8221;]\n\t\t<div id=\"wd-67a626c60fbcc\" class=\"title-wrapper wd-wpb wd-set-mb reset-last-child  wd-rs-67a626c60fbcc wd-title-color-primary wd-title-style-default text-left vc_custom_1738942271842 wd-underline-colored\">\n\t\t\t\t\t\t\t\n\t\t\t\t<div class=\"title-subtitle  subtitle-color-primary font-default subtitle-style-default wd-font-weight- wd-fontsize-xs\">DRONES PARA LA AGRICULTURA<\/div>\n\t\t\t\n\t\t\t<div class=\"liner-continer\">\n\t\t\t\t<h4 class=\"woodmart-title-container title  wd-font-weight- wd-fontsize-l\" >Detecci\u00f3n \u2022 Prevenci\u00f3n<\/h4>\n\t\t\t\t\t\t\t<\/div>\n\t\t\t\n\t\t\t\n\t\t\t\n\t\t<\/div>\n\t\t\n\t\t\t\t\t<div id=\"wd-67b345b89cefb\" class=\"wd-text-block-wrapper wd-wpb wd-rs-67b345b89cefb color-scheme- text-left wd-width-enabled vc_custom_1739802051879\" style=\"--wd-max-width: 80%;\">\n\t\t\t\t<div class=\"woodmart-title-container woodmart-text-block reset-last-child font-primary wd-font-weight- \">\n\t\t\t\t\t<\/p>\n<ul>\n<li style=\"text-align: left;\"><strong>Reduce costos<\/strong> en comparaci\u00f3n con los sistemas tradicionales.<\/li>\n<li><strong>An\u00e1lisis preventivo<\/strong> de terrenos agr\u00edcolas para intervenciones correctivas.<\/li>\n<li><strong>Proporciona datos<\/strong> contextuales.<\/li>\n<li><strong>Acelera y agiliza<\/strong> las operaciones.<\/li>\n<li><strong>Aumenta<\/strong> significativamente la cantidad y calidad de la informaci\u00f3n\u00a0 conseguida.<\/li>\n<li><strong>Detecta e<\/strong>l estr\u00e9s h\u00eddrico de la zona analizada<\/li>\n<\/ul>\n<p><strong>OPTIMIZAMOS LOS RECURSOS HIDR\u00c1ULICOS Y PREVENIMOS O DETECTAMOS FUGAS.<\/strong>\t\t\t\t<\/div>\n\n\t\t\t\t\t\t\t<\/div>\n\t\t[\/vc_column][\/vc_row]<\/p>\n<\/div>","protected":false},"excerpt":{"rendered":"<p>[vc_row full_width=&#8221;stretch_row_content_no_spaces&#8221; equal_height=&#8221;yes&#8221; content_placement=&#8221;middle&#8221; video_bg=&#8221;yes&#8221; video_bg_url=&#8221;&#8221; css=&#8221;.vc_custom_1738841407836{background-position: center !important;background-repeat: no-repeat !important;background-size: cover !important;}&#8221; woodmart_box_shadow=&#8221;no&#8221; wd_z_index=&#8221;no&#8221; woodmart_css_id=&#8221;67a49d2ea1874&#8243; responsive_spacing=&#8221;eyJwYXJhbV90eXBlIjoid29vZG1hcnRfcmVzcG9uc2l2ZV9zcGFjaW5nIiwic2VsZWN0b3JfaWQiOiI2N2E0OWQyZWExODc0Iiwic2hvcnRjb2RlIjoidmNfcm93IiwiZGF0YSI6eyJ0YWJsZXQiOnt9LCJtb2JpbGUiOnt9fX0=&#8221; mobile_bg_img_hidden=&#8221;no&#8221; tablet_bg_img_hidden=&#8221;no&#8221; woodmart_parallax=&#8221;0&#8243;<\/p>\n","protected":false},"author":1,"featured_media":0,"parent":0,"menu_order":0,"comment_status":"closed","ping_status":"closed","template":"","meta":{"footnotes":""},"class_list":["post-10382","page","type-page","status-publish","hentry"],"_links":{"self":[{"href":"https:\/\/servicioscorporativospaban.com\/drones\/wp-json\/wp\/v2\/pages\/10382","targetHints":{"allow":["GET"]}}],"collection":[{"href":"https:\/\/servicioscorporativospaban.com\/drones\/wp-json\/wp\/v2\/pages"}],"about":[{"href":"https:\/\/servicioscorporativospaban.com\/drones\/wp-json\/wp\/v2\/types\/page"}],"author":[{"embeddable":true,"href":"https:\/\/servicioscorporativospaban.com\/drones\/wp-json\/wp\/v2\/users\/1"}],"replies":[{"embeddable":true,"href":"https:\/\/servicioscorporativospaban.com\/drones\/wp-json\/wp\/v2\/comments?post=10382"}],"version-history":[{"count":33,"href":"https:\/\/servicioscorporativospaban.com\/drones\/wp-json\/wp\/v2\/pages\/10382\/revisions"}],"predecessor-version":[{"id":10629,"href":"https:\/\/servicioscorporativospaban.com\/drones\/wp-json\/wp\/v2\/pages\/10382\/revisions\/10629"}],"wp:attachment":[{"href":"https:\/\/servicioscorporativospaban.com\/drones\/wp-json\/wp\/v2\/media?parent=10382"}],"curies":[{"name":"wp","href":"https:\/\/api.w.org\/{rel}","templated":true}]}}