{"id":3,"date":"2024-12-04T21:26:20","date_gmt":"2024-12-04T21:26:20","guid":{"rendered":"https:\/\/servicioscorporativospaban.com\/construccion\/?page_id=3"},"modified":"2025-06-11T13:44:41","modified_gmt":"2025-06-11T13:44:41","slug":"aviso-de-seguridad","status":"publish","type":"page","link":"https:\/\/servicioscorporativospaban.com\/construccion\/aviso-de-seguridad\/","title":{"rendered":"AVISO DE SEGURIDAD"},"content":{"rendered":"<div class=\"wpb-content-wrapper\"><p>[vc_row][vc_column][vc_empty_space height=&#8221;50px&#8221; woodmart_hide_large=&#8221;0&#8243; woodmart_hide_medium=&#8221;0&#8243; woodmart_hide_small=&#8221;0&#8243;]\n\t\t<div id=\"wd-6841bb27d87a2\" class=\"title-wrapper wd-wpb wd-set-mb reset-last-child  wd-rs-6841bb27d87a2 wd-title-color-default wd-title-style-bordered text-center  wd-underline-colored\">\n\t\t\t\n\t\t\t<div class=\"liner-continer\">\n\t\t\t\t<h4 class=\"woodmart-title-container title  wd-font-weight-500 wd-fontsize-xxl\" >AVISO DE SEGURIDAD<\/h4>\n\t\t\t\t\t\t\t<\/div>\n\t\t\t\n\t\t\t\n\t\t\t\n\t\t<\/div>\n\t\t\n\t\t[\/vc_column][\/vc_row][vc_row][vc_column][vc_column_text css=&#8221;&#8221; woodmart_inline=&#8221;no&#8221; text_larger=&#8221;no&#8221;]<\/p>\r\n<p>Con fundamento en la Ley Federal de Protecci\u00f3n de Datos Personales en Posesi\u00f3n de los Particulares (en adelante la Ley), publicada en el Diario Oficial de la Federaci\u00f3n el d\u00eda 5 de julio de 2010, seg\u00fan ha sido reformada (la \u201cLFPDPPP\u201d), as\u00ed como al Reglamento de la Ley Federal de Protecci\u00f3n de Datos Personales en Posesi\u00f3n de los Particulares y los lineamientos emitidos por la Secretar\u00eda de Econom\u00eda para el contenido y alcances de los avisos de privacidad en coadyuvancia con el Instituto Nacional de Transparencia,<\/p>\r\n<p>Acceso a la Informaci\u00f3n y Protecci\u00f3n de Datos Personales (en su conjunto, seg\u00fan aplique, la \u201cLey\u201d). Le informamos que SERVICIOS CORPORATIVOS PABAN S.A. de C.V. (en adelante SERVICIOS CORPORATIVOS PABAN), empresa con domicilio fiscal en Baja California #603 N. Ext. 245 Hip\u00f3dromo De La Condesa, 06170 Cuauht\u00e9moc, Cdmx M\u00e9xico. Es una empresa comprometida en proteger su privacidad, por lo que le informamos lo siguiente:<\/p>\r\n<p>&nbsp;<\/p>\r\n<h3 class=\"wp-block-heading\">Datos personales<\/h3>\r\n<p>Los datos personales que recabamos de usted, los utilizaremos para las siguientes finalidades que son necesarias para el servicio que solicita.<\/p>\r\n<h3><strong>Finalidades del tratamiento de datos personales<\/strong><\/h3>\r\n<p>Le informamos que los datos que poseamos, recabamos o recabaremos de usted, ser\u00e1n los datos personales que usted nos proporcione voluntariamente mediante el llenado de las diversas formas en la p\u00e1gina web de SERVICIOS CORPORATIVOS PABAN por medio de las cuales usted se ponga en contacto con SERVICIOS CORPORATIVOS PABAN as\u00ed como datos personales que pudi\u00e9ramos recabar a trav\u00e9s de cookies. Los datos personales que recabamos de usted los utilizaremos para ponernos en contacto con usted en caso de que tenga alguna duda o comentario sobre nuestros servicios o la informaci\u00f3n que est\u00e1 en la p\u00e1gina web de SERVICIOS CORPORATIVOS PABAN.<\/p>\r\n<p>El tratamiento de datos personales ser\u00e1 el que resulte necesario, adecuado y relevante en relaci\u00f3n con las finalidades previstas en este aviso de privacidad, as\u00ed como con los fines distintos que resulten compatibles o an\u00e1logos con las mismas.<\/p>\r\n<p>Para llevar a cabo las finalidades descritas en el presente aviso de privacidad, utilizaremos \u00fanicamente el dato personal que usted nos proporcione:<\/p>\r\n<h3><strong>Nombre, correo electr\u00f3nico, tel\u00e9fono, compa\u00f1\u00eda para la cual trabaja<\/strong><\/h3>\r\n<p>Hacemos de su conocimiento que SERVICIOS CORPORATIVOS PABAN no le solicitar\u00e1 datos personales considerados como sensibles.<\/p>\r\n<p>El tratamiento de su informaci\u00f3n personal se realizar\u00e1 con base en los principios de licitud, calidad, consentimiento, informaci\u00f3n, finalidad, lealtad, proporcionalidad y responsabilidad consagrados en la Ley Federal de Protecci\u00f3n de Datos Personales en Posesi\u00f3n de los Particulares.<\/p>\r\n<h3><strong>Limitaci\u00f3n al Uso o Divulgaci\u00f3n de Informaci\u00f3n Personal<\/strong><\/h3>\r\n<p>Sus datos personales en ning\u00fan momento ser\u00e1n divulgados o transferidos con terceros sin su autorizaci\u00f3n previa, \u00fanicamente se les dar\u00e1 el uso se\u00f1alado en las finalidades especificadas en el presente aviso de privacidad.<\/p>\r\n<h3><strong>Datos personales tratados<\/strong><\/h3>\r\n<p>En caso de que no desee que sus datos personales sean tratados para los fines adicionales se\u00f1alados en el presente aviso desde este momento usted puede solicitar, a trav\u00e9s de nuestra p\u00e1gina de Internet: https:\/\/servicioscorporativospaban.com\/ o bien, enviando un correo electr\u00f3nico a la cuenta de corporativo.paban@gmail.com<\/p>\r\n<p>La negativa para el uso de sus datos personales sobre las finalidades secundarias, no podr\u00e1 ser un motivo para que le neguemos los productos y\/o servicios que solicita o contrate con nosotros.<\/p>\r\n<h3><strong>Del Ejercicio de los Derechos de Acceso, Rectificaci\u00f3n, Cancelaci\u00f3n y Oposici\u00f3n\u00a0 <\/strong><\/h3>\r\n<p>Usted tiene derecho a conocer qu\u00e9 datos personales tenemos de usted, para qu\u00e9 los utilizamos y las condiciones del uso que les damos (Acceso). Asimismo, en su derecho solicitar la correcci\u00f3n de su informaci\u00f3n personal en caso de que est\u00e9 desactualizada, sea inexacta o incompleta (Rectificaci\u00f3n); que la eliminemos de nuestro registros o base de datos cuando considere que la misma no est\u00e1 siendo utilizada conforme a los principios, deberes y obligaciones previstas en la normativa (Cancelaci\u00f3n); as\u00ed como\u00a0 oponerse al uso de sus datos personales para fines espec\u00edficos (Oposici\u00f3n). Estos derecho se conocen como derecho ARCO.<\/p>\r\n<p>Para el ejercicio de cualquiera de los derechos ARCO, y para la renovaci\u00f3n de su consentimiento al tratamiento de sus Datos Personales, deber\u00e1 llenar debidamente el formulario que ponemos a su disposici\u00f3n en las siguientes modalidades, a trav\u00e9s de nuestra p\u00e1gina de internet o por medio de un escrito dirigido SERVICIOS CORPORATIVOS PABAN S.A. DE C.V. a la siguiente direcci\u00f3n: corporativo.paban@gmail.com<\/p>\r\n<p>Para aclarar dudas sobre el procedimiento y requisitos para el ejercicio de los derechos ARCO, y para la revocaci\u00f3n de su consentimiento al tratamiento de sus Datos Personales, usted podr\u00e1 llamar al siguiente n\u00famero telef\u00f3nico 52 777 3106594 ; o enviarnos un correo electr\u00f3nico a: corporativo.paban@gmail.com y uno de nuestros colaboradores dar\u00e1 tr\u00e1mite a las solicitudes para el ejercicio de estos derechos, y atender\u00e1 cualquier duda que pudiera tener respecto al tratamiento de su informaci\u00f3n.<\/p>\r\n<p>La renovaci\u00f3n del consentimiento sobre el tratamiento de sus datos ser\u00e1 atendida en un periodo de 5 d\u00edas h\u00e1biles, posterior a la recepci\u00f3n de su solicitud.<\/p>\r\n<h3><strong>Datos personales de menores de edad<\/strong><\/h3>\r\n<p>En t\u00e9rminos generales, SERVICIOS CORPORATIVOS PABAN no recolecta intencionalmente informaci\u00f3n de menores de edad por cuanto los servicios y\/o productos que ofrecemos no est\u00e1n dirigidos a menores de edad. Sin embargo, en dado caso que obtengamos, usemos o almacenemos datos personales de menores de edad, lo haremos con el consentimiento de sus padres o tutores. En caso de que un menor se identifique como tal, buscaremos obtener el consentimiento de sus padres o tutores antes de que el menor nos proporcione cualquier dato de car\u00e1cter personal.<\/p>\r\n<p>Si usted es padre\/madre o tutor de alg\u00fan menor de edad que haya proporcionado sus datos personales sin su consentimiento, puede solicitar el ejercicio de cualquiera de los derechos ARCO.<\/p>\r\n<h3><strong>Control y Seguridad de informaci\u00f3n personal<\/strong><\/h3>\r\n<p>Con objeto de que usted pueda limitar el uso y divulgaci\u00f3n de su informaci\u00f3n personal, le ofrecemos los siguientes medios:<\/p>\r\n<p>Usted podr\u00e1 inscribirse a trav\u00e9s de la p\u00e1gina de Internet de la Procuradur\u00eda Federal del Consumidor (PROFECO) cuya direcci\u00f3n es http:\/\/www.profeco.gob.mx en informaci\u00f3n de los consumidores que no desean ser molestados con publicidad no deseada y que su informaci\u00f3n no sea utilizada con fines mercadot\u00e9cnicos o publicitarios.<\/p>\r\n<h3><strong>Cambios a este Aviso de Privacidad<\/strong><\/h3>\r\n<p>El presente aviso de privacidad puede sufrir modificaciones, cambios o actualizaciones derivadas de nuevos requerimientos legales; por los cambios en nuestros servicios que ofrecemos; de nuestras pr\u00e1cticas de privacidad.<\/p>\r\n<p>Nos comprometemos a mantenerlo informado sobre los cambios que pueda sufrir el presente Aviso de Privacidad, a trav\u00e9s de nuestro sitio de Internet <a href=\"https:\/\/servicioscorporativospaban.com\/\">https:\/\/servicioscorporativospaban.com\/<\/a> en la secci\u00f3n Aviso de Privacidad.<\/p>\r\n<p>&nbsp;<\/p>\r\n<p>[\/vc_column_text][\/vc_column][\/vc_row]<\/p><\/div>","protected":false},"excerpt":{"rendered":"<p>[vc_row][vc_column][vc_empty_space height=&#8221;50px&#8221; woodmart_hide_large=&#8221;0&#8243; woodmart_hide_medium=&#8221;0&#8243; woodmart_hide_small=&#8221;0&#8243;][\/vc_column][\/vc_row][vc_row][vc_column][vc_column_text css=&#8221;&#8221; woodmart_inline=&#8221;no&#8221; text_larger=&#8221;no&#8221;] Con fundamento en la Ley Federal de Protecci\u00f3n de Datos Personales en<\/p>\n","protected":false},"author":1,"featured_media":0,"parent":0,"menu_order":0,"comment_status":"closed","ping_status":"open","template":"","meta":{"footnotes":""},"class_list":["post-3","page","type-page","status-publish","hentry"],"_links":{"self":[{"href":"https:\/\/servicioscorporativospaban.com\/construccion\/wp-json\/wp\/v2\/pages\/3","targetHints":{"allow":["GET"]}}],"collection":[{"href":"https:\/\/servicioscorporativospaban.com\/construccion\/wp-json\/wp\/v2\/pages"}],"about":[{"href":"https:\/\/servicioscorporativospaban.com\/construccion\/wp-json\/wp\/v2\/types\/page"}],"author":[{"embeddable":true,"href":"https:\/\/servicioscorporativospaban.com\/construccion\/wp-json\/wp\/v2\/users\/1"}],"replies":[{"embeddable":true,"href":"https:\/\/servicioscorporativospaban.com\/construccion\/wp-json\/wp\/v2\/comments?post=3"}],"version-history":[{"count":2,"href":"https:\/\/servicioscorporativospaban.com\/construccion\/wp-json\/wp\/v2\/pages\/3\/revisions"}],"predecessor-version":[{"id":10912,"href":"https:\/\/servicioscorporativospaban.com\/construccion\/wp-json\/wp\/v2\/pages\/3\/revisions\/10912"}],"wp:attachment":[{"href":"https:\/\/servicioscorporativospaban.com\/construccion\/wp-json\/wp\/v2\/media?parent=3"}],"curies":[{"name":"wp","href":"https:\/\/api.w.org\/{rel}","templated":true}]}}